{"id":7016,"date":"2026-04-02T09:35:33","date_gmt":"2026-04-02T09:35:33","guid":{"rendered":"https:\/\/kavela.furniture\/urun\/exe\/"},"modified":"2026-04-02T09:35:33","modified_gmt":"2026-04-02T09:35:33","slug":"exe","status":"publish","type":"product","link":"https:\/\/kavela.furniture\/en\/product\/exe\/","title":{"rendered":"Exe"},"content":{"rendered":"<p>Y\u00f6netici koltu\u011fu, lake ah\u015fap kol ve ayak, multitilting mekanizmal\u0131. Do\u011fal deri se\u00e7ene\u011fi ile prestijli ofisler i\u00e7in.<\/p>","protected":false},"excerpt":{"rendered":"<p>Lake ah\u015fap kollu prestij y\u00f6netici koltu\u011fu<\/p>","protected":false},"featured_media":7017,"template":"","meta":{"_acf_changed":false},"product_brand":[],"product_cat":[41],"product_tag":[],"class_list":{"0":"post-7016","1":"product","2":"type-product","3":"status-publish","4":"has-post-thumbnail","6":"product_cat-yoneticikoltuklari","8":"first","9":"instock","10":"shipping-taxable","11":"product-type-simple"},"acf":[],"_links":{"self":[{"href":"https:\/\/kavela.furniture\/en\/wp-json\/wp\/v2\/product\/7016","targetHints":{"allow":["GET"]}}],"collection":[{"href":"https:\/\/kavela.furniture\/en\/wp-json\/wp\/v2\/product"}],"about":[{"href":"https:\/\/kavela.furniture\/en\/wp-json\/wp\/v2\/types\/product"}],"wp:featuredmedia":[{"embeddable":true,"href":"https:\/\/kavela.furniture\/en\/wp-json\/wp\/v2\/media\/7017"}],"wp:attachment":[{"href":"https:\/\/kavela.furniture\/en\/wp-json\/wp\/v2\/media?parent=7016"}],"wp:term":[{"taxonomy":"product_brand","embeddable":true,"href":"https:\/\/kavela.furniture\/en\/wp-json\/wp\/v2\/product_brand?post=7016"},{"taxonomy":"product_cat","embeddable":true,"href":"https:\/\/kavela.furniture\/en\/wp-json\/wp\/v2\/product_cat?post=7016"},{"taxonomy":"product_tag","embeddable":true,"href":"https:\/\/kavela.furniture\/en\/wp-json\/wp\/v2\/product_tag?post=7016"}],"curies":[{"name":"wp","href":"https:\/\/api.w.org\/{rel}","templated":true}]}}