{"id":7020,"date":"2026-04-02T09:36:46","date_gmt":"2026-04-02T09:36:46","guid":{"rendered":"https:\/\/kavela.furniture\/urun\/frida\/"},"modified":"2026-04-02T09:36:46","modified_gmt":"2026-04-02T09:36:46","slug":"frida","status":"publish","type":"product","link":"https:\/\/kavela.furniture\/en\/product\/frida\/","title":{"rendered":"Frida"},"content":{"rendered":"<p>Y\u00f6netici koltu\u011fu, plastik kol ve al\u00fcminyum ayak, multitilting mekanizmal\u0131. Kompakt ve fonksiyonel.<\/p>","protected":false},"excerpt":{"rendered":"<p>Kompakt y\u00f6netici koltu\u011fu, multitilting mekanizma<\/p>","protected":false},"featured_media":7021,"template":"","meta":{"_acf_changed":false},"product_brand":[],"product_cat":[41],"product_tag":[],"class_list":{"0":"post-7020","1":"product","2":"type-product","3":"status-publish","4":"has-post-thumbnail","6":"product_cat-yoneticikoltuklari","8":"first","9":"instock","10":"shipping-taxable","11":"product-type-simple"},"acf":[],"_links":{"self":[{"href":"https:\/\/kavela.furniture\/en\/wp-json\/wp\/v2\/product\/7020","targetHints":{"allow":["GET"]}}],"collection":[{"href":"https:\/\/kavela.furniture\/en\/wp-json\/wp\/v2\/product"}],"about":[{"href":"https:\/\/kavela.furniture\/en\/wp-json\/wp\/v2\/types\/product"}],"wp:featuredmedia":[{"embeddable":true,"href":"https:\/\/kavela.furniture\/en\/wp-json\/wp\/v2\/media\/7021"}],"wp:attachment":[{"href":"https:\/\/kavela.furniture\/en\/wp-json\/wp\/v2\/media?parent=7020"}],"wp:term":[{"taxonomy":"product_brand","embeddable":true,"href":"https:\/\/kavela.furniture\/en\/wp-json\/wp\/v2\/product_brand?post=7020"},{"taxonomy":"product_cat","embeddable":true,"href":"https:\/\/kavela.furniture\/en\/wp-json\/wp\/v2\/product_cat?post=7020"},{"taxonomy":"product_tag","embeddable":true,"href":"https:\/\/kavela.furniture\/en\/wp-json\/wp\/v2\/product_tag?post=7020"}],"curies":[{"name":"wp","href":"https:\/\/api.w.org\/{rel}","templated":true}]}}