{"id":7022,"date":"2026-04-02T09:37:20","date_gmt":"2026-04-02T09:37:20","guid":{"rendered":"https:\/\/kavela.furniture\/urun\/greta\/"},"modified":"2026-04-02T09:37:20","modified_gmt":"2026-04-02T09:37:20","slug":"greta","status":"publish","type":"product","link":"https:\/\/kavela.furniture\/en\/product\/greta\/","title":{"rendered":"Greta"},"content":{"rendered":"<p>Bekleme koltu\u011fu, d\u00f6\u015femeli, metal g\u00f6vdeli. Do\u011fal deri se\u00e7ene\u011fi mevcuttur. Lobi ve bekleme alanlar\u0131 i\u00e7in.<\/p>","protected":false},"excerpt":{"rendered":"<p>Metal g\u00f6vdeli d\u00f6\u015femeli bekleme koltu\u011fu<\/p>","protected":false},"featured_media":7023,"template":"","meta":{"_acf_changed":false},"product_brand":[],"product_cat":[39],"product_tag":[],"class_list":{"0":"post-7022","1":"product","2":"type-product","3":"status-publish","4":"has-post-thumbnail","6":"product_cat-koltuklar","8":"first","9":"instock","10":"shipping-taxable","11":"product-type-simple"},"acf":[],"_links":{"self":[{"href":"https:\/\/kavela.furniture\/en\/wp-json\/wp\/v2\/product\/7022","targetHints":{"allow":["GET"]}}],"collection":[{"href":"https:\/\/kavela.furniture\/en\/wp-json\/wp\/v2\/product"}],"about":[{"href":"https:\/\/kavela.furniture\/en\/wp-json\/wp\/v2\/types\/product"}],"wp:featuredmedia":[{"embeddable":true,"href":"https:\/\/kavela.furniture\/en\/wp-json\/wp\/v2\/media\/7023"}],"wp:attachment":[{"href":"https:\/\/kavela.furniture\/en\/wp-json\/wp\/v2\/media?parent=7022"}],"wp:term":[{"taxonomy":"product_brand","embeddable":true,"href":"https:\/\/kavela.furniture\/en\/wp-json\/wp\/v2\/product_brand?post=7022"},{"taxonomy":"product_cat","embeddable":true,"href":"https:\/\/kavela.furniture\/en\/wp-json\/wp\/v2\/product_cat?post=7022"},{"taxonomy":"product_tag","embeddable":true,"href":"https:\/\/kavela.furniture\/en\/wp-json\/wp\/v2\/product_tag?post=7022"}],"curies":[{"name":"wp","href":"https:\/\/api.w.org\/{rel}","templated":true}]}}