{"id":7030,"date":"2026-04-02T09:39:42","date_gmt":"2026-04-02T09:39:42","guid":{"rendered":"https:\/\/kavela.furniture\/urun\/laxy\/"},"modified":"2026-04-02T09:39:42","modified_gmt":"2026-04-02T09:39:42","slug":"laxy","status":"publish","type":"product","link":"https:\/\/kavela.furniture\/en\/product\/laxy\/","title":{"rendered":"Laxy"},"content":{"rendered":"<p>\u00c7ok ama\u00e7l\u0131 tabure, metal d\u00f6ner tablal\u0131 ayakl\u0131. Bar ve ortak alanlar i\u00e7in modern tasar\u0131m.<\/p>","protected":false},"excerpt":{"rendered":"<p>Metal d\u00f6ner tablal\u0131 \u00e7ok ama\u00e7l\u0131 tabure<\/p>","protected":false},"featured_media":7031,"template":"","meta":{"_acf_changed":false},"product_brand":[],"product_cat":[80],"product_tag":[],"class_list":{"0":"post-7030","1":"product","2":"type-product","3":"status-publish","4":"has-post-thumbnail","6":"product_cat-cok-amacli-koltuklar","8":"first","9":"instock","10":"shipping-taxable","11":"product-type-simple"},"acf":[],"_links":{"self":[{"href":"https:\/\/kavela.furniture\/en\/wp-json\/wp\/v2\/product\/7030","targetHints":{"allow":["GET"]}}],"collection":[{"href":"https:\/\/kavela.furniture\/en\/wp-json\/wp\/v2\/product"}],"about":[{"href":"https:\/\/kavela.furniture\/en\/wp-json\/wp\/v2\/types\/product"}],"wp:featuredmedia":[{"embeddable":true,"href":"https:\/\/kavela.furniture\/en\/wp-json\/wp\/v2\/media\/7031"}],"wp:attachment":[{"href":"https:\/\/kavela.furniture\/en\/wp-json\/wp\/v2\/media?parent=7030"}],"wp:term":[{"taxonomy":"product_brand","embeddable":true,"href":"https:\/\/kavela.furniture\/en\/wp-json\/wp\/v2\/product_brand?post=7030"},{"taxonomy":"product_cat","embeddable":true,"href":"https:\/\/kavela.furniture\/en\/wp-json\/wp\/v2\/product_cat?post=7030"},{"taxonomy":"product_tag","embeddable":true,"href":"https:\/\/kavela.furniture\/en\/wp-json\/wp\/v2\/product_tag?post=7030"}],"curies":[{"name":"wp","href":"https:\/\/api.w.org\/{rel}","templated":true}]}}