{"id":7032,"date":"2026-04-02T09:40:19","date_gmt":"2026-04-02T09:40:19","guid":{"rendered":"https:\/\/kavela.furniture\/urun\/leton\/"},"modified":"2026-04-02T09:40:19","modified_gmt":"2026-04-02T09:40:19","slug":"leton","status":"publish","type":"product","link":"https:\/\/kavela.furniture\/en\/product\/leton\/","title":{"rendered":"Leton"},"content":{"rendered":"<p>Y\u00f6netici koltu\u011fu, al\u00fcminyum kol, al\u00fcminyum loop ayak, derinlik ayarl\u0131 senkron mekanizma, s\u0131rti kapitoneli. Do\u011fal deri se\u00e7ene\u011fi mevcuttur.<\/p>","protected":false},"excerpt":{"rendered":"<p>Kapitoneli s\u0131rt, derinlik ayarl\u0131 y\u00f6netici koltu\u011fu<\/p>","protected":false},"featured_media":7033,"template":"","meta":{"_acf_changed":false},"product_brand":[],"product_cat":[41],"product_tag":[],"class_list":{"0":"post-7032","1":"product","2":"type-product","3":"status-publish","4":"has-post-thumbnail","6":"product_cat-yoneticikoltuklari","8":"first","9":"instock","10":"shipping-taxable","11":"product-type-simple"},"acf":[],"_links":{"self":[{"href":"https:\/\/kavela.furniture\/en\/wp-json\/wp\/v2\/product\/7032","targetHints":{"allow":["GET"]}}],"collection":[{"href":"https:\/\/kavela.furniture\/en\/wp-json\/wp\/v2\/product"}],"about":[{"href":"https:\/\/kavela.furniture\/en\/wp-json\/wp\/v2\/types\/product"}],"wp:featuredmedia":[{"embeddable":true,"href":"https:\/\/kavela.furniture\/en\/wp-json\/wp\/v2\/media\/7033"}],"wp:attachment":[{"href":"https:\/\/kavela.furniture\/en\/wp-json\/wp\/v2\/media?parent=7032"}],"wp:term":[{"taxonomy":"product_brand","embeddable":true,"href":"https:\/\/kavela.furniture\/en\/wp-json\/wp\/v2\/product_brand?post=7032"},{"taxonomy":"product_cat","embeddable":true,"href":"https:\/\/kavela.furniture\/en\/wp-json\/wp\/v2\/product_cat?post=7032"},{"taxonomy":"product_tag","embeddable":true,"href":"https:\/\/kavela.furniture\/en\/wp-json\/wp\/v2\/product_tag?post=7032"}],"curies":[{"name":"wp","href":"https:\/\/api.w.org\/{rel}","templated":true}]}}