{"id":7034,"date":"2026-04-02T09:40:53","date_gmt":"2026-04-02T09:40:53","guid":{"rendered":"https:\/\/kavela.furniture\/urun\/oxford\/"},"modified":"2026-04-02T09:40:53","modified_gmt":"2026-04-02T09:40:53","slug":"oxford","status":"publish","type":"product","link":"https:\/\/kavela.furniture\/en\/product\/oxford\/","title":{"rendered":"Oxford"},"content":{"rendered":"<p>Konferans koltu\u011fu, kuma\u015f d\u00f6\u015femeli. Ah\u015fap kol\u00e7akli ve s\u0131raba\u015f\u0131 ilave se\u00e7enekleri mevcuttur.<\/p>","protected":false},"excerpt":{"rendered":"<p>Kuma\u015f d\u00f6\u015femeli konferans koltu\u011fu<\/p>","protected":false},"featured_media":7035,"template":"","meta":{"_acf_changed":false},"product_brand":[],"product_cat":[77],"product_tag":[],"class_list":{"0":"post-7034","1":"product","2":"type-product","3":"status-publish","4":"has-post-thumbnail","6":"product_cat-toplanti-koltuklari","8":"first","9":"instock","10":"shipping-taxable","11":"product-type-simple"},"acf":[],"_links":{"self":[{"href":"https:\/\/kavela.furniture\/en\/wp-json\/wp\/v2\/product\/7034","targetHints":{"allow":["GET"]}}],"collection":[{"href":"https:\/\/kavela.furniture\/en\/wp-json\/wp\/v2\/product"}],"about":[{"href":"https:\/\/kavela.furniture\/en\/wp-json\/wp\/v2\/types\/product"}],"wp:featuredmedia":[{"embeddable":true,"href":"https:\/\/kavela.furniture\/en\/wp-json\/wp\/v2\/media\/7035"}],"wp:attachment":[{"href":"https:\/\/kavela.furniture\/en\/wp-json\/wp\/v2\/media?parent=7034"}],"wp:term":[{"taxonomy":"product_brand","embeddable":true,"href":"https:\/\/kavela.furniture\/en\/wp-json\/wp\/v2\/product_brand?post=7034"},{"taxonomy":"product_cat","embeddable":true,"href":"https:\/\/kavela.furniture\/en\/wp-json\/wp\/v2\/product_cat?post=7034"},{"taxonomy":"product_tag","embeddable":true,"href":"https:\/\/kavela.furniture\/en\/wp-json\/wp\/v2\/product_tag?post=7034"}],"curies":[{"name":"wp","href":"https:\/\/api.w.org\/{rel}","templated":true}]}}