{"id":7036,"date":"2026-04-02T09:41:28","date_gmt":"2026-04-02T09:41:28","guid":{"rendered":"https:\/\/kavela.furniture\/urun\/penta\/"},"modified":"2026-04-02T09:41:28","modified_gmt":"2026-04-02T09:41:28","slug":"penta","status":"publish","type":"product","link":"https:\/\/kavela.furniture\/en\/product\/penta\/","title":{"rendered":"Penta"},"content":{"rendered":"<p>Y\u00f6netici koltu\u011fu, ah\u015fap kol ve ayak, multitilting mekanizmal\u0131. Do\u011fal deri se\u00e7ene\u011fi ile kla\u015f\u0131k siklik.<\/p>","protected":false},"excerpt":{"rendered":"<p>Ah\u015fap kollu kla\u015f\u0131k y\u00f6netici koltu\u011fu<\/p>","protected":false},"featured_media":7037,"template":"","meta":{"_acf_changed":false},"product_brand":[],"product_cat":[41],"product_tag":[],"class_list":{"0":"post-7036","1":"product","2":"type-product","3":"status-publish","4":"has-post-thumbnail","6":"product_cat-yoneticikoltuklari","8":"first","9":"instock","10":"shipping-taxable","11":"product-type-simple"},"acf":[],"_links":{"self":[{"href":"https:\/\/kavela.furniture\/en\/wp-json\/wp\/v2\/product\/7036","targetHints":{"allow":["GET"]}}],"collection":[{"href":"https:\/\/kavela.furniture\/en\/wp-json\/wp\/v2\/product"}],"about":[{"href":"https:\/\/kavela.furniture\/en\/wp-json\/wp\/v2\/types\/product"}],"wp:featuredmedia":[{"embeddable":true,"href":"https:\/\/kavela.furniture\/en\/wp-json\/wp\/v2\/media\/7037"}],"wp:attachment":[{"href":"https:\/\/kavela.furniture\/en\/wp-json\/wp\/v2\/media?parent=7036"}],"wp:term":[{"taxonomy":"product_brand","embeddable":true,"href":"https:\/\/kavela.furniture\/en\/wp-json\/wp\/v2\/product_brand?post=7036"},{"taxonomy":"product_cat","embeddable":true,"href":"https:\/\/kavela.furniture\/en\/wp-json\/wp\/v2\/product_cat?post=7036"},{"taxonomy":"product_tag","embeddable":true,"href":"https:\/\/kavela.furniture\/en\/wp-json\/wp\/v2\/product_tag?post=7036"}],"curies":[{"name":"wp","href":"https:\/\/api.w.org\/{rel}","templated":true}]}}