{"id":7040,"date":"2026-04-02T09:42:40","date_gmt":"2026-04-02T09:42:40","guid":{"rendered":"https:\/\/kavela.furniture\/urun\/petta\/"},"modified":"2026-04-02T09:42:40","modified_gmt":"2026-04-02T09:42:40","slug":"petta","status":"publish","type":"product","link":"https:\/\/kavela.furniture\/en\/product\/petta\/","title":{"rendered":"Petta"},"content":{"rendered":"<p>Bekleme koltu\u011fu, boyali ayakl\u0131. Lobi ve ortak alanlar i\u00e7in konforlu tasar\u0131m.<\/p>","protected":false},"excerpt":{"rendered":"<p>Boyali ayakl\u0131 bekleme koltu\u011fu<\/p>","protected":false},"featured_media":7041,"template":"","meta":{"_acf_changed":false},"product_brand":[],"product_cat":[39],"product_tag":[],"class_list":{"0":"post-7040","1":"product","2":"type-product","3":"status-publish","4":"has-post-thumbnail","6":"product_cat-koltuklar","8":"first","9":"instock","10":"shipping-taxable","11":"product-type-simple"},"acf":[],"_links":{"self":[{"href":"https:\/\/kavela.furniture\/en\/wp-json\/wp\/v2\/product\/7040","targetHints":{"allow":["GET"]}}],"collection":[{"href":"https:\/\/kavela.furniture\/en\/wp-json\/wp\/v2\/product"}],"about":[{"href":"https:\/\/kavela.furniture\/en\/wp-json\/wp\/v2\/types\/product"}],"wp:featuredmedia":[{"embeddable":true,"href":"https:\/\/kavela.furniture\/en\/wp-json\/wp\/v2\/media\/7041"}],"wp:attachment":[{"href":"https:\/\/kavela.furniture\/en\/wp-json\/wp\/v2\/media?parent=7040"}],"wp:term":[{"taxonomy":"product_brand","embeddable":true,"href":"https:\/\/kavela.furniture\/en\/wp-json\/wp\/v2\/product_brand?post=7040"},{"taxonomy":"product_cat","embeddable":true,"href":"https:\/\/kavela.furniture\/en\/wp-json\/wp\/v2\/product_cat?post=7040"},{"taxonomy":"product_tag","embeddable":true,"href":"https:\/\/kavela.furniture\/en\/wp-json\/wp\/v2\/product_tag?post=7040"}],"curies":[{"name":"wp","href":"https:\/\/api.w.org\/{rel}","templated":true}]}}