{"id":7042,"date":"2026-04-02T09:43:16","date_gmt":"2026-04-02T09:43:16","guid":{"rendered":"https:\/\/kavela.furniture\/urun\/pivot\/"},"modified":"2026-04-02T09:43:16","modified_gmt":"2026-04-02T09:43:16","slug":"pivot","status":"publish","type":"product","link":"https:\/\/kavela.furniture\/en\/product\/pivot\/","title":{"rendered":"Pivot"},"content":{"rendered":"<p>Y\u00f6netici koltu\u011fu, ayarlanabilir ba\u015fl\u0131kl\u0131, bel destekli, 2D ayarl\u0131 PU kol\u00e7ak, multitilting plus mekanizmal\u0131, plastik ayakl\u0131.<\/p>","protected":false},"excerpt":{"rendered":"<p>Bel destekli, multitilting plus y\u00f6netici koltu\u011fu<\/p>","protected":false},"featured_media":7043,"template":"","meta":{"_acf_changed":false},"product_brand":[],"product_cat":[40],"product_tag":[],"class_list":{"0":"post-7042","1":"product","2":"type-product","3":"status-publish","4":"has-post-thumbnail","6":"product_cat-calismakoltuklari","8":"first","9":"instock","10":"shipping-taxable","11":"product-type-simple"},"acf":[],"_links":{"self":[{"href":"https:\/\/kavela.furniture\/en\/wp-json\/wp\/v2\/product\/7042","targetHints":{"allow":["GET"]}}],"collection":[{"href":"https:\/\/kavela.furniture\/en\/wp-json\/wp\/v2\/product"}],"about":[{"href":"https:\/\/kavela.furniture\/en\/wp-json\/wp\/v2\/types\/product"}],"wp:featuredmedia":[{"embeddable":true,"href":"https:\/\/kavela.furniture\/en\/wp-json\/wp\/v2\/media\/7043"}],"wp:attachment":[{"href":"https:\/\/kavela.furniture\/en\/wp-json\/wp\/v2\/media?parent=7042"}],"wp:term":[{"taxonomy":"product_brand","embeddable":true,"href":"https:\/\/kavela.furniture\/en\/wp-json\/wp\/v2\/product_brand?post=7042"},{"taxonomy":"product_cat","embeddable":true,"href":"https:\/\/kavela.furniture\/en\/wp-json\/wp\/v2\/product_cat?post=7042"},{"taxonomy":"product_tag","embeddable":true,"href":"https:\/\/kavela.furniture\/en\/wp-json\/wp\/v2\/product_tag?post=7042"}],"curies":[{"name":"wp","href":"https:\/\/api.w.org\/{rel}","templated":true}]}}