{"id":7044,"date":"2026-04-02T09:43:52","date_gmt":"2026-04-02T09:43:52","guid":{"rendered":"https:\/\/kavela.furniture\/urun\/pna\/"},"modified":"2026-04-02T09:43:52","modified_gmt":"2026-04-02T09:43:52","slug":"pna","status":"publish","type":"product","link":"https:\/\/kavela.furniture\/en\/product\/pna\/","title":{"rendered":"Pna"},"content":{"rendered":"<p>Mod\u00fcler oturma sistemi. Ortak alanlar ve lobiler i\u00e7in esnek konfig\u00fcrasyon imkani.<\/p>","protected":false},"excerpt":{"rendered":"<p>Mod\u00fcler oturma sistemi<\/p>","protected":false},"featured_media":7045,"template":"","meta":{"_acf_changed":false},"product_brand":[],"product_cat":[39],"product_tag":[],"class_list":{"0":"post-7044","1":"product","2":"type-product","3":"status-publish","4":"has-post-thumbnail","6":"product_cat-koltuklar","8":"first","9":"instock","10":"shipping-taxable","11":"product-type-simple"},"acf":[],"_links":{"self":[{"href":"https:\/\/kavela.furniture\/en\/wp-json\/wp\/v2\/product\/7044","targetHints":{"allow":["GET"]}}],"collection":[{"href":"https:\/\/kavela.furniture\/en\/wp-json\/wp\/v2\/product"}],"about":[{"href":"https:\/\/kavela.furniture\/en\/wp-json\/wp\/v2\/types\/product"}],"wp:featuredmedia":[{"embeddable":true,"href":"https:\/\/kavela.furniture\/en\/wp-json\/wp\/v2\/media\/7045"}],"wp:attachment":[{"href":"https:\/\/kavela.furniture\/en\/wp-json\/wp\/v2\/media?parent=7044"}],"wp:term":[{"taxonomy":"product_brand","embeddable":true,"href":"https:\/\/kavela.furniture\/en\/wp-json\/wp\/v2\/product_brand?post=7044"},{"taxonomy":"product_cat","embeddable":true,"href":"https:\/\/kavela.furniture\/en\/wp-json\/wp\/v2\/product_cat?post=7044"},{"taxonomy":"product_tag","embeddable":true,"href":"https:\/\/kavela.furniture\/en\/wp-json\/wp\/v2\/product_tag?post=7044"}],"curies":[{"name":"wp","href":"https:\/\/api.w.org\/{rel}","templated":true}]}}