{"id":7048,"date":"2026-04-02T09:45:02","date_gmt":"2026-04-02T09:45:02","guid":{"rendered":"https:\/\/kavela.furniture\/urun\/pona\/"},"modified":"2026-04-02T09:45:02","modified_gmt":"2026-04-02T09:45:02","slug":"pona","status":"publish","type":"product","link":"https:\/\/kavela.furniture\/en\/product\/pona\/","title":{"rendered":"Pona"},"content":{"rendered":"<p>Mod\u00fcler oturma grubu. Bekleme ve ortak alanlar i\u00e7in \u00e7e\u015fitli konfig\u00fcrasyonlar.<\/p>","protected":false},"excerpt":{"rendered":"<p>Mod\u00fcler oturma grubu<\/p>","protected":false},"featured_media":7049,"template":"","meta":{"_acf_changed":false},"product_brand":[],"product_cat":[39],"product_tag":[],"class_list":{"0":"post-7048","1":"product","2":"type-product","3":"status-publish","4":"has-post-thumbnail","6":"product_cat-koltuklar","8":"first","9":"instock","10":"shipping-taxable","11":"product-type-simple"},"acf":[],"_links":{"self":[{"href":"https:\/\/kavela.furniture\/en\/wp-json\/wp\/v2\/product\/7048","targetHints":{"allow":["GET"]}}],"collection":[{"href":"https:\/\/kavela.furniture\/en\/wp-json\/wp\/v2\/product"}],"about":[{"href":"https:\/\/kavela.furniture\/en\/wp-json\/wp\/v2\/types\/product"}],"wp:featuredmedia":[{"embeddable":true,"href":"https:\/\/kavela.furniture\/en\/wp-json\/wp\/v2\/media\/7049"}],"wp:attachment":[{"href":"https:\/\/kavela.furniture\/en\/wp-json\/wp\/v2\/media?parent=7048"}],"wp:term":[{"taxonomy":"product_brand","embeddable":true,"href":"https:\/\/kavela.furniture\/en\/wp-json\/wp\/v2\/product_brand?post=7048"},{"taxonomy":"product_cat","embeddable":true,"href":"https:\/\/kavela.furniture\/en\/wp-json\/wp\/v2\/product_cat?post=7048"},{"taxonomy":"product_tag","embeddable":true,"href":"https:\/\/kavela.furniture\/en\/wp-json\/wp\/v2\/product_tag?post=7048"}],"curies":[{"name":"wp","href":"https:\/\/api.w.org\/{rel}","templated":true}]}}