{"id":7058,"date":"2026-04-02T09:48:02","date_gmt":"2026-04-02T09:48:02","guid":{"rendered":"https:\/\/kavela.furniture\/urun\/swing\/"},"modified":"2026-04-02T09:48:02","modified_gmt":"2026-04-02T09:48:02","slug":"swing","status":"publish","type":"product","link":"https:\/\/kavela.furniture\/en\/product\/swing\/","title":{"rendered":"Swing"},"content":{"rendered":"<p>Bekleme oturma grubu ve sehpa. Mod\u00fcler tasar\u0131m, ortak alanlar i\u00e7in ideal.<\/p>","protected":false},"excerpt":{"rendered":"<p>Mod\u00fcler bekleme oturma grubu<\/p>","protected":false},"featured_media":7059,"template":"","meta":{"_acf_changed":false},"product_brand":[],"product_cat":[39],"product_tag":[],"class_list":{"0":"post-7058","1":"product","2":"type-product","3":"status-publish","4":"has-post-thumbnail","6":"product_cat-koltuklar","8":"first","9":"instock","10":"shipping-taxable","11":"product-type-simple"},"acf":[],"_links":{"self":[{"href":"https:\/\/kavela.furniture\/en\/wp-json\/wp\/v2\/product\/7058","targetHints":{"allow":["GET"]}}],"collection":[{"href":"https:\/\/kavela.furniture\/en\/wp-json\/wp\/v2\/product"}],"about":[{"href":"https:\/\/kavela.furniture\/en\/wp-json\/wp\/v2\/types\/product"}],"wp:featuredmedia":[{"embeddable":true,"href":"https:\/\/kavela.furniture\/en\/wp-json\/wp\/v2\/media\/7059"}],"wp:attachment":[{"href":"https:\/\/kavela.furniture\/en\/wp-json\/wp\/v2\/media?parent=7058"}],"wp:term":[{"taxonomy":"product_brand","embeddable":true,"href":"https:\/\/kavela.furniture\/en\/wp-json\/wp\/v2\/product_brand?post=7058"},{"taxonomy":"product_cat","embeddable":true,"href":"https:\/\/kavela.furniture\/en\/wp-json\/wp\/v2\/product_cat?post=7058"},{"taxonomy":"product_tag","embeddable":true,"href":"https:\/\/kavela.furniture\/en\/wp-json\/wp\/v2\/product_tag?post=7058"}],"curies":[{"name":"wp","href":"https:\/\/api.w.org\/{rel}","templated":true}]}}