{"id":7064,"date":"2026-04-02T09:49:47","date_gmt":"2026-04-02T09:49:47","guid":{"rendered":"https:\/\/kavela.furniture\/urun\/trey\/"},"modified":"2026-04-02T09:49:47","modified_gmt":"2026-04-02T09:49:47","slug":"trey","status":"publish","type":"product","link":"https:\/\/kavela.furniture\/en\/product\/trey\/","title":{"rendered":"Trey"},"content":{"rendered":"<p>Mod\u00fcler oturma sistemi, \u00e7e\u015fitli kombinasyon se\u00e7enekleri. Ortak ve bekleme alanlar\u0131 i\u00e7in.<\/p>","protected":false},"excerpt":{"rendered":"<p>Mod\u00fcler oturma sistemi<\/p>","protected":false},"featured_media":7065,"template":"","meta":{"_acf_changed":false},"product_brand":[],"product_cat":[39],"product_tag":[],"class_list":{"0":"post-7064","1":"product","2":"type-product","3":"status-publish","4":"has-post-thumbnail","6":"product_cat-koltuklar","8":"first","9":"instock","10":"shipping-taxable","11":"product-type-simple"},"acf":[],"_links":{"self":[{"href":"https:\/\/kavela.furniture\/en\/wp-json\/wp\/v2\/product\/7064","targetHints":{"allow":["GET"]}}],"collection":[{"href":"https:\/\/kavela.furniture\/en\/wp-json\/wp\/v2\/product"}],"about":[{"href":"https:\/\/kavela.furniture\/en\/wp-json\/wp\/v2\/types\/product"}],"wp:featuredmedia":[{"embeddable":true,"href":"https:\/\/kavela.furniture\/en\/wp-json\/wp\/v2\/media\/7065"}],"wp:attachment":[{"href":"https:\/\/kavela.furniture\/en\/wp-json\/wp\/v2\/media?parent=7064"}],"wp:term":[{"taxonomy":"product_brand","embeddable":true,"href":"https:\/\/kavela.furniture\/en\/wp-json\/wp\/v2\/product_brand?post=7064"},{"taxonomy":"product_cat","embeddable":true,"href":"https:\/\/kavela.furniture\/en\/wp-json\/wp\/v2\/product_cat?post=7064"},{"taxonomy":"product_tag","embeddable":true,"href":"https:\/\/kavela.furniture\/en\/wp-json\/wp\/v2\/product_tag?post=7064"}],"curies":[{"name":"wp","href":"https:\/\/api.w.org\/{rel}","templated":true}]}}