{"id":7066,"date":"2026-04-02T09:50:22","date_gmt":"2026-04-02T09:50:22","guid":{"rendered":"https:\/\/kavela.furniture\/urun\/twin\/"},"modified":"2026-04-02T09:50:22","modified_gmt":"2026-04-02T09:50:22","slug":"twin","status":"publish","type":"product","link":"https:\/\/kavela.furniture\/en\/product\/twin\/","title":{"rendered":"Twin"},"content":{"rendered":"<p>Tekli koltuk ve kanepe serisi. \u0130kili ve \u00fc\u00e7l\u00fc se\u00e7enekler mevcuttur. Do\u011fal deri se\u00e7ene\u011fi ile \u015f\u0131k tasar\u0131m.<\/p>","protected":false},"excerpt":{"rendered":"<p>Modern koltuk ve kanepe serisi<\/p>","protected":false},"featured_media":7067,"template":"","meta":{"_acf_changed":false},"product_brand":[],"product_cat":[38],"product_tag":[],"class_list":{"0":"post-7066","1":"product","2":"type-product","3":"status-publish","4":"has-post-thumbnail","6":"product_cat-kanepeler","8":"first","9":"instock","10":"shipping-taxable","11":"product-type-simple"},"acf":[],"_links":{"self":[{"href":"https:\/\/kavela.furniture\/en\/wp-json\/wp\/v2\/product\/7066","targetHints":{"allow":["GET"]}}],"collection":[{"href":"https:\/\/kavela.furniture\/en\/wp-json\/wp\/v2\/product"}],"about":[{"href":"https:\/\/kavela.furniture\/en\/wp-json\/wp\/v2\/types\/product"}],"wp:featuredmedia":[{"embeddable":true,"href":"https:\/\/kavela.furniture\/en\/wp-json\/wp\/v2\/media\/7067"}],"wp:attachment":[{"href":"https:\/\/kavela.furniture\/en\/wp-json\/wp\/v2\/media?parent=7066"}],"wp:term":[{"taxonomy":"product_brand","embeddable":true,"href":"https:\/\/kavela.furniture\/en\/wp-json\/wp\/v2\/product_brand?post=7066"},{"taxonomy":"product_cat","embeddable":true,"href":"https:\/\/kavela.furniture\/en\/wp-json\/wp\/v2\/product_cat?post=7066"},{"taxonomy":"product_tag","embeddable":true,"href":"https:\/\/kavela.furniture\/en\/wp-json\/wp\/v2\/product_tag?post=7066"}],"curies":[{"name":"wp","href":"https:\/\/api.w.org\/{rel}","templated":true}]}}