{"id":7068,"date":"2026-04-02T09:50:58","date_gmt":"2026-04-02T09:50:58","guid":{"rendered":"https:\/\/kavela.furniture\/urun\/urban\/"},"modified":"2026-04-02T09:50:58","modified_gmt":"2026-04-02T09:50:58","slug":"urban","status":"publish","type":"product","link":"https:\/\/kavela.furniture\/en\/product\/urban\/","title":{"rendered":"Urban"},"content":{"rendered":"<p>Bekleme ve lobi koltu\u011fu. Modern tasar\u0131m, \u00e7e\u015fitli d\u00f6\u015feme se\u00e7enekleri.<\/p>","protected":false},"excerpt":{"rendered":"<p>Modern bekleme ve lobi koltu\u011fu<\/p>","protected":false},"featured_media":7069,"template":"","meta":{"_acf_changed":false},"product_brand":[],"product_cat":[39],"product_tag":[],"class_list":{"0":"post-7068","1":"product","2":"type-product","3":"status-publish","4":"has-post-thumbnail","6":"product_cat-koltuklar","8":"first","9":"instock","10":"shipping-taxable","11":"product-type-simple"},"acf":[],"_links":{"self":[{"href":"https:\/\/kavela.furniture\/en\/wp-json\/wp\/v2\/product\/7068","targetHints":{"allow":["GET"]}}],"collection":[{"href":"https:\/\/kavela.furniture\/en\/wp-json\/wp\/v2\/product"}],"about":[{"href":"https:\/\/kavela.furniture\/en\/wp-json\/wp\/v2\/types\/product"}],"wp:featuredmedia":[{"embeddable":true,"href":"https:\/\/kavela.furniture\/en\/wp-json\/wp\/v2\/media\/7069"}],"wp:attachment":[{"href":"https:\/\/kavela.furniture\/en\/wp-json\/wp\/v2\/media?parent=7068"}],"wp:term":[{"taxonomy":"product_brand","embeddable":true,"href":"https:\/\/kavela.furniture\/en\/wp-json\/wp\/v2\/product_brand?post=7068"},{"taxonomy":"product_cat","embeddable":true,"href":"https:\/\/kavela.furniture\/en\/wp-json\/wp\/v2\/product_cat?post=7068"},{"taxonomy":"product_tag","embeddable":true,"href":"https:\/\/kavela.furniture\/en\/wp-json\/wp\/v2\/product_tag?post=7068"}],"curies":[{"name":"wp","href":"https:\/\/api.w.org\/{rel}","templated":true}]}}