{"id":7070,"date":"2026-04-02T09:51:36","date_gmt":"2026-04-02T09:51:36","guid":{"rendered":"https:\/\/kavela.furniture\/urun\/wait\/"},"modified":"2026-04-02T09:51:36","modified_gmt":"2026-04-02T09:51:36","slug":"wait","status":"publish","type":"product","link":"https:\/\/kavela.furniture\/en\/product\/wait\/","title":{"rendered":"Wait"},"content":{"rendered":"<p>\u0130kili ve \u00fc\u00e7l\u00fc bekleme koltu\u011fu, d\u00f6\u015femeli, metal g\u00f6vdeli. Bekleme alanlar\u0131 i\u00e7in dayan\u0131kl\u0131 ve \u015f\u0131k tasar\u0131m.<\/p>","protected":false},"excerpt":{"rendered":"<p>Metal g\u00f6vdeli bekleme koltu\u011fu serisi<\/p>","protected":false},"featured_media":7071,"template":"","meta":{"_acf_changed":false},"product_brand":[],"product_cat":[39],"product_tag":[],"class_list":{"0":"post-7070","1":"product","2":"type-product","3":"status-publish","4":"has-post-thumbnail","6":"product_cat-koltuklar","8":"first","9":"instock","10":"shipping-taxable","11":"product-type-simple"},"acf":[],"_links":{"self":[{"href":"https:\/\/kavela.furniture\/en\/wp-json\/wp\/v2\/product\/7070","targetHints":{"allow":["GET"]}}],"collection":[{"href":"https:\/\/kavela.furniture\/en\/wp-json\/wp\/v2\/product"}],"about":[{"href":"https:\/\/kavela.furniture\/en\/wp-json\/wp\/v2\/types\/product"}],"wp:featuredmedia":[{"embeddable":true,"href":"https:\/\/kavela.furniture\/en\/wp-json\/wp\/v2\/media\/7071"}],"wp:attachment":[{"href":"https:\/\/kavela.furniture\/en\/wp-json\/wp\/v2\/media?parent=7070"}],"wp:term":[{"taxonomy":"product_brand","embeddable":true,"href":"https:\/\/kavela.furniture\/en\/wp-json\/wp\/v2\/product_brand?post=7070"},{"taxonomy":"product_cat","embeddable":true,"href":"https:\/\/kavela.furniture\/en\/wp-json\/wp\/v2\/product_cat?post=7070"},{"taxonomy":"product_tag","embeddable":true,"href":"https:\/\/kavela.furniture\/en\/wp-json\/wp\/v2\/product_tag?post=7070"}],"curies":[{"name":"wp","href":"https:\/\/api.w.org\/{rel}","templated":true}]}}