{"id":7074,"date":"2026-04-02T09:52:48","date_gmt":"2026-04-02T09:52:48","guid":{"rendered":"https:\/\/kavela.furniture\/urun\/era-l\/"},"modified":"2026-04-02T09:52:48","modified_gmt":"2026-04-02T09:52:48","slug":"era-l","status":"publish","type":"product","link":"https:\/\/kavela.furniture\/en\/product\/era-l\/","title":{"rendered":"Era-L"},"content":{"rendered":"<p>Mod\u00fcler bekleme ve lobi oturma sistemi. \u00c7e\u015fitli konfig\u00fcrasyon ve d\u00f6\u015feme se\u00e7enekleri.<\/p>","protected":false},"excerpt":{"rendered":"<p>Mod\u00fcler lobi oturma sistemi<\/p>","protected":false},"featured_media":7075,"template":"","meta":{"_acf_changed":false},"product_brand":[],"product_cat":[39],"product_tag":[],"class_list":{"0":"post-7074","1":"product","2":"type-product","3":"status-publish","4":"has-post-thumbnail","6":"product_cat-koltuklar","8":"first","9":"instock","10":"shipping-taxable","11":"product-type-simple"},"acf":[],"_links":{"self":[{"href":"https:\/\/kavela.furniture\/en\/wp-json\/wp\/v2\/product\/7074","targetHints":{"allow":["GET"]}}],"collection":[{"href":"https:\/\/kavela.furniture\/en\/wp-json\/wp\/v2\/product"}],"about":[{"href":"https:\/\/kavela.furniture\/en\/wp-json\/wp\/v2\/types\/product"}],"wp:featuredmedia":[{"embeddable":true,"href":"https:\/\/kavela.furniture\/en\/wp-json\/wp\/v2\/media\/7075"}],"wp:attachment":[{"href":"https:\/\/kavela.furniture\/en\/wp-json\/wp\/v2\/media?parent=7074"}],"wp:term":[{"taxonomy":"product_brand","embeddable":true,"href":"https:\/\/kavela.furniture\/en\/wp-json\/wp\/v2\/product_brand?post=7074"},{"taxonomy":"product_cat","embeddable":true,"href":"https:\/\/kavela.furniture\/en\/wp-json\/wp\/v2\/product_cat?post=7074"},{"taxonomy":"product_tag","embeddable":true,"href":"https:\/\/kavela.furniture\/en\/wp-json\/wp\/v2\/product_tag?post=7074"}],"curies":[{"name":"wp","href":"https:\/\/api.w.org\/{rel}","templated":true}]}}