{"id":7076,"date":"2026-04-02T09:53:24","date_gmt":"2026-04-02T09:53:24","guid":{"rendered":"https:\/\/kavela.furniture\/urun\/comfort\/"},"modified":"2026-04-02T09:53:24","modified_gmt":"2026-04-02T09:53:24","slug":"comfort","status":"publish","type":"product","link":"https:\/\/kavela.furniture\/en\/product\/comfort\/","title":{"rendered":"Comfort"},"content":{"rendered":"<p>Tekli koltuk ve kanepe serisi. Derin oturum, y\u00fcksek konfor. \u0130kili ve \u00fc\u00e7l\u00fc se\u00e7enekler mevcuttur.<\/p>","protected":false},"excerpt":{"rendered":"<p>Y\u00fcksek konforlu koltuk ve kanepe serisi<\/p>","protected":false},"featured_media":7077,"template":"","meta":{"_acf_changed":false},"product_brand":[],"product_cat":[38],"product_tag":[],"class_list":{"0":"post-7076","1":"product","2":"type-product","3":"status-publish","4":"has-post-thumbnail","6":"product_cat-kanepeler","8":"first","9":"instock","10":"shipping-taxable","11":"product-type-simple"},"acf":[],"_links":{"self":[{"href":"https:\/\/kavela.furniture\/en\/wp-json\/wp\/v2\/product\/7076","targetHints":{"allow":["GET"]}}],"collection":[{"href":"https:\/\/kavela.furniture\/en\/wp-json\/wp\/v2\/product"}],"about":[{"href":"https:\/\/kavela.furniture\/en\/wp-json\/wp\/v2\/types\/product"}],"wp:featuredmedia":[{"embeddable":true,"href":"https:\/\/kavela.furniture\/en\/wp-json\/wp\/v2\/media\/7077"}],"wp:attachment":[{"href":"https:\/\/kavela.furniture\/en\/wp-json\/wp\/v2\/media?parent=7076"}],"wp:term":[{"taxonomy":"product_brand","embeddable":true,"href":"https:\/\/kavela.furniture\/en\/wp-json\/wp\/v2\/product_brand?post=7076"},{"taxonomy":"product_cat","embeddable":true,"href":"https:\/\/kavela.furniture\/en\/wp-json\/wp\/v2\/product_cat?post=7076"},{"taxonomy":"product_tag","embeddable":true,"href":"https:\/\/kavela.furniture\/en\/wp-json\/wp\/v2\/product_tag?post=7076"}],"curies":[{"name":"wp","href":"https:\/\/api.w.org\/{rel}","templated":true}]}}