{"id":7078,"date":"2026-04-02T09:53:58","date_gmt":"2026-04-02T09:53:58","guid":{"rendered":"https:\/\/kavela.furniture\/urun\/dakar\/"},"modified":"2026-04-02T09:53:58","modified_gmt":"2026-04-02T09:53:58","slug":"dakar","status":"publish","type":"product","link":"https:\/\/kavela.furniture\/en\/product\/dakar\/","title":{"rendered":"Dakar"},"content":{"rendered":"<p>Y\u00f6netici koltu\u011fu, ah\u015fap kol ve al\u00fcminyum ayak, multitilting mekanizmal\u0131. \u015e\u0131k ve dayan\u0131kl\u0131 tasar\u0131m.<\/p>","protected":false},"excerpt":{"rendered":"<p>Ah\u015fap kollu y\u00f6netici koltu\u011fu<\/p>","protected":false},"featured_media":7079,"template":"","meta":{"_acf_changed":false},"product_brand":[],"product_cat":[41],"product_tag":[],"class_list":{"0":"post-7078","1":"product","2":"type-product","3":"status-publish","4":"has-post-thumbnail","6":"product_cat-yoneticikoltuklari","8":"first","9":"instock","10":"shipping-taxable","11":"product-type-simple"},"acf":[],"_links":{"self":[{"href":"https:\/\/kavela.furniture\/en\/wp-json\/wp\/v2\/product\/7078","targetHints":{"allow":["GET"]}}],"collection":[{"href":"https:\/\/kavela.furniture\/en\/wp-json\/wp\/v2\/product"}],"about":[{"href":"https:\/\/kavela.furniture\/en\/wp-json\/wp\/v2\/types\/product"}],"wp:featuredmedia":[{"embeddable":true,"href":"https:\/\/kavela.furniture\/en\/wp-json\/wp\/v2\/media\/7079"}],"wp:attachment":[{"href":"https:\/\/kavela.furniture\/en\/wp-json\/wp\/v2\/media?parent=7078"}],"wp:term":[{"taxonomy":"product_brand","embeddable":true,"href":"https:\/\/kavela.furniture\/en\/wp-json\/wp\/v2\/product_brand?post=7078"},{"taxonomy":"product_cat","embeddable":true,"href":"https:\/\/kavela.furniture\/en\/wp-json\/wp\/v2\/product_cat?post=7078"},{"taxonomy":"product_tag","embeddable":true,"href":"https:\/\/kavela.furniture\/en\/wp-json\/wp\/v2\/product_tag?post=7078"}],"curies":[{"name":"wp","href":"https:\/\/api.w.org\/{rel}","templated":true}]}}