{"id":7080,"date":"2026-04-02T09:54:34","date_gmt":"2026-04-02T09:54:34","guid":{"rendered":"https:\/\/kavela.furniture\/urun\/domino\/"},"modified":"2026-04-02T09:54:34","modified_gmt":"2026-04-02T09:54:34","slug":"domino","status":"publish","type":"product","link":"https:\/\/kavela.furniture\/en\/product\/domino\/","title":{"rendered":"Domino"},"content":{"rendered":"<p>Y\u00f6netici koltu\u011fu, senkron mekanizmal\u0131. \u00c7al\u0131\u015fma koltu\u011fu varyanti mevcuttur.<\/p>","protected":false},"excerpt":{"rendered":"<p>Senkron mekanizmal\u0131 y\u00f6netici koltu\u011fu<\/p>","protected":false},"featured_media":7081,"template":"","meta":{"_acf_changed":false},"product_brand":[],"product_cat":[41],"product_tag":[],"class_list":{"0":"post-7080","1":"product","2":"type-product","3":"status-publish","4":"has-post-thumbnail","6":"product_cat-yoneticikoltuklari","8":"first","9":"instock","10":"shipping-taxable","11":"product-type-simple"},"acf":[],"_links":{"self":[{"href":"https:\/\/kavela.furniture\/en\/wp-json\/wp\/v2\/product\/7080","targetHints":{"allow":["GET"]}}],"collection":[{"href":"https:\/\/kavela.furniture\/en\/wp-json\/wp\/v2\/product"}],"about":[{"href":"https:\/\/kavela.furniture\/en\/wp-json\/wp\/v2\/types\/product"}],"wp:featuredmedia":[{"embeddable":true,"href":"https:\/\/kavela.furniture\/en\/wp-json\/wp\/v2\/media\/7081"}],"wp:attachment":[{"href":"https:\/\/kavela.furniture\/en\/wp-json\/wp\/v2\/media?parent=7080"}],"wp:term":[{"taxonomy":"product_brand","embeddable":true,"href":"https:\/\/kavela.furniture\/en\/wp-json\/wp\/v2\/product_brand?post=7080"},{"taxonomy":"product_cat","embeddable":true,"href":"https:\/\/kavela.furniture\/en\/wp-json\/wp\/v2\/product_cat?post=7080"},{"taxonomy":"product_tag","embeddable":true,"href":"https:\/\/kavela.furniture\/en\/wp-json\/wp\/v2\/product_tag?post=7080"}],"curies":[{"name":"wp","href":"https:\/\/api.w.org\/{rel}","templated":true}]}}