{"id":7082,"date":"2026-04-02T09:55:13","date_gmt":"2026-04-02T09:55:13","guid":{"rendered":"https:\/\/kavela.furniture\/urun\/humor\/"},"modified":"2026-04-02T09:55:13","modified_gmt":"2026-04-02T09:55:13","slug":"humor","status":"publish","type":"product","link":"https:\/\/kavela.furniture\/en\/product\/humor\/","title":{"rendered":"Humor"},"content":{"rendered":"<p>Bekleme ve lobi koltu\u011fu. Geni\u015f oturma alan\u0131, \u00e7e\u015fitli renk se\u00e7enekleri.<\/p>","protected":false},"excerpt":{"rendered":"<p>Geni\u015f bekleme ve lobi koltu\u011fu<\/p>","protected":false},"featured_media":7083,"template":"","meta":{"_acf_changed":false},"product_brand":[],"product_cat":[39],"product_tag":[],"class_list":{"0":"post-7082","1":"product","2":"type-product","3":"status-publish","4":"has-post-thumbnail","6":"product_cat-koltuklar","8":"first","9":"instock","10":"shipping-taxable","11":"product-type-simple"},"acf":[],"_links":{"self":[{"href":"https:\/\/kavela.furniture\/en\/wp-json\/wp\/v2\/product\/7082","targetHints":{"allow":["GET"]}}],"collection":[{"href":"https:\/\/kavela.furniture\/en\/wp-json\/wp\/v2\/product"}],"about":[{"href":"https:\/\/kavela.furniture\/en\/wp-json\/wp\/v2\/types\/product"}],"wp:featuredmedia":[{"embeddable":true,"href":"https:\/\/kavela.furniture\/en\/wp-json\/wp\/v2\/media\/7083"}],"wp:attachment":[{"href":"https:\/\/kavela.furniture\/en\/wp-json\/wp\/v2\/media?parent=7082"}],"wp:term":[{"taxonomy":"product_brand","embeddable":true,"href":"https:\/\/kavela.furniture\/en\/wp-json\/wp\/v2\/product_brand?post=7082"},{"taxonomy":"product_cat","embeddable":true,"href":"https:\/\/kavela.furniture\/en\/wp-json\/wp\/v2\/product_cat?post=7082"},{"taxonomy":"product_tag","embeddable":true,"href":"https:\/\/kavela.furniture\/en\/wp-json\/wp\/v2\/product_tag?post=7082"}],"curies":[{"name":"wp","href":"https:\/\/api.w.org\/{rel}","templated":true}]}}