{"id":7088,"date":"2026-04-02T09:56:59","date_gmt":"2026-04-02T09:56:59","guid":{"rendered":"https:\/\/kavela.furniture\/urun\/lima\/"},"modified":"2026-04-02T09:56:59","modified_gmt":"2026-04-02T09:56:59","slug":"lima","status":"publish","type":"product","link":"https:\/\/kavela.furniture\/en\/product\/lima\/","title":{"rendered":"Lima"},"content":{"rendered":"<p>Y\u00f6netici koltu\u011fu, al\u00fcminyum kol ve ayak, multitilting mekanizmal\u0131. Ergonomik ve sik.<\/p>","protected":false},"excerpt":{"rendered":"<p>Aluminyum kollu ergonomik y\u00f6netici koltu\u011fu<\/p>","protected":false},"featured_media":7089,"template":"","meta":{"_acf_changed":false},"product_brand":[],"product_cat":[41],"product_tag":[],"class_list":{"0":"post-7088","1":"product","2":"type-product","3":"status-publish","4":"has-post-thumbnail","6":"product_cat-yoneticikoltuklari","8":"first","9":"instock","10":"shipping-taxable","11":"product-type-simple"},"acf":[],"_links":{"self":[{"href":"https:\/\/kavela.furniture\/en\/wp-json\/wp\/v2\/product\/7088","targetHints":{"allow":["GET"]}}],"collection":[{"href":"https:\/\/kavela.furniture\/en\/wp-json\/wp\/v2\/product"}],"about":[{"href":"https:\/\/kavela.furniture\/en\/wp-json\/wp\/v2\/types\/product"}],"wp:featuredmedia":[{"embeddable":true,"href":"https:\/\/kavela.furniture\/en\/wp-json\/wp\/v2\/media\/7089"}],"wp:attachment":[{"href":"https:\/\/kavela.furniture\/en\/wp-json\/wp\/v2\/media?parent=7088"}],"wp:term":[{"taxonomy":"product_brand","embeddable":true,"href":"https:\/\/kavela.furniture\/en\/wp-json\/wp\/v2\/product_brand?post=7088"},{"taxonomy":"product_cat","embeddable":true,"href":"https:\/\/kavela.furniture\/en\/wp-json\/wp\/v2\/product_cat?post=7088"},{"taxonomy":"product_tag","embeddable":true,"href":"https:\/\/kavela.furniture\/en\/wp-json\/wp\/v2\/product_tag?post=7088"}],"curies":[{"name":"wp","href":"https:\/\/api.w.org\/{rel}","templated":true}]}}