{"id":7094,"date":"2026-04-02T09:58:44","date_gmt":"2026-04-02T09:58:44","guid":{"rendered":"https:\/\/kavela.furniture\/urun\/rubi\/"},"modified":"2026-04-02T09:58:44","modified_gmt":"2026-04-02T09:58:44","slug":"rubi","status":"publish","type":"product","link":"https:\/\/kavela.furniture\/en\/product\/rubi\/","title":{"rendered":"Rubi"},"content":{"rendered":"<p>Y\u00f6netici koltu\u011fu, al\u00fcminyum kol ve ayak. Do\u011fal deri se\u00e7ene\u011fi ile prestijli tasar\u0131m.<\/p>","protected":false},"excerpt":{"rendered":"<p>Prestijli al\u00fcminyum kollu y\u00f6netici koltu\u011fu<\/p>","protected":false},"featured_media":7095,"template":"","meta":{"_acf_changed":false},"product_brand":[],"product_cat":[41],"product_tag":[],"class_list":{"0":"post-7094","1":"product","2":"type-product","3":"status-publish","4":"has-post-thumbnail","6":"product_cat-yoneticikoltuklari","8":"first","9":"instock","10":"shipping-taxable","11":"product-type-simple"},"acf":[],"_links":{"self":[{"href":"https:\/\/kavela.furniture\/en\/wp-json\/wp\/v2\/product\/7094","targetHints":{"allow":["GET"]}}],"collection":[{"href":"https:\/\/kavela.furniture\/en\/wp-json\/wp\/v2\/product"}],"about":[{"href":"https:\/\/kavela.furniture\/en\/wp-json\/wp\/v2\/types\/product"}],"wp:featuredmedia":[{"embeddable":true,"href":"https:\/\/kavela.furniture\/en\/wp-json\/wp\/v2\/media\/7095"}],"wp:attachment":[{"href":"https:\/\/kavela.furniture\/en\/wp-json\/wp\/v2\/media?parent=7094"}],"wp:term":[{"taxonomy":"product_brand","embeddable":true,"href":"https:\/\/kavela.furniture\/en\/wp-json\/wp\/v2\/product_brand?post=7094"},{"taxonomy":"product_cat","embeddable":true,"href":"https:\/\/kavela.furniture\/en\/wp-json\/wp\/v2\/product_cat?post=7094"},{"taxonomy":"product_tag","embeddable":true,"href":"https:\/\/kavela.furniture\/en\/wp-json\/wp\/v2\/product_tag?post=7094"}],"curies":[{"name":"wp","href":"https:\/\/api.w.org\/{rel}","templated":true}]}}